{"id":4598,"date":"2020-02-24T19:49:06","date_gmt":"2020-02-24T18:49:06","guid":{"rendered":"http:\/\/sp2aug.pl\/?page_id=4598"},"modified":"2026-02-23T19:17:05","modified_gmt":"2026-02-23T18:17:05","slug":"rekrutacja","status":"publish","type":"page","link":"https:\/\/sp2aug.pl\/index.php\/rekrutacja\/","title":{"rendered":"Rekrutacja 2026\/2027"},"content":{"rendered":"\t\t<div data-elementor-type=\"wp-page\" data-elementor-id=\"4598\" class=\"elementor elementor-4598\">\n\t\t\t\t\t\t<section class=\"elementor-section elementor-top-section elementor-element elementor-element-a39034f elementor-section-boxed elementor-section-height-default elementor-section-height-default\" data-id=\"a39034f\" data-element_type=\"section\">\n\t\t\t\t\t\t<div class=\"elementor-container elementor-column-gap-default\">\n\t\t\t\t\t<div class=\"elementor-column elementor-col-50 elementor-top-column elementor-element elementor-element-afb6ae8\" data-id=\"afb6ae8\" data-element_type=\"column\">\n\t\t\t<div class=\"elementor-widget-wrap elementor-element-populated\">\n\t\t\t\t\t\t<div class=\"elementor-element elementor-element-b316aa1 elementor-widget elementor-widget-image\" data-id=\"b316aa1\" data-element_type=\"widget\" data-widget_type=\"image.default\">\n\t\t\t\t<div class=\"elementor-widget-container\">\n\t\t\t\t\t\t\t\t\t\t\t\t\t\t\t\t<a href=\"https:\/\/sp2aug.pl\/wp-content\/uploads\/2026\/02\/oglrek26.png\" data-elementor-open-lightbox=\"yes\" data-elementor-lightbox-title=\"oglrek26\" data-e-action-hash=\"#elementor-action%3Aaction%3Dlightbox%26settings%3DeyJpZCI6MjkxNDYsInVybCI6Imh0dHBzOlwvXC9zcDJhdWcucGxcL3dwLWNvbnRlbnRcL3VwbG9hZHNcLzIwMjZcLzAyXC9vZ2xyZWsyNi5wbmcifQ%3D%3D\">\n\t\t\t\t\t\t\t<img fetchpriority=\"high\" decoding=\"async\" width=\"727\" height=\"809\" src=\"https:\/\/sp2aug.pl\/wp-content\/uploads\/2026\/02\/oglrek26.png\" class=\"attachment-large size-large wp-image-29146\" alt=\"\" srcset=\"https:\/\/sp2aug.pl\/wp-content\/uploads\/2026\/02\/oglrek26.png 727w, https:\/\/sp2aug.pl\/wp-content\/uploads\/2026\/02\/oglrek26-270x300.png 270w\" sizes=\"(max-width: 727px) 100vw, 727px\" \/>\t\t\t\t\t\t\t\t<\/a>\n\t\t\t\t\t\t\t\t\t\t\t\t\t\t\t<\/div>\n\t\t\t\t<\/div>\n\t\t\t\t\t<\/div>\n\t\t<\/div>\n\t\t\t\t<div class=\"elementor-column elementor-col-50 elementor-top-column elementor-element elementor-element-d2dca4e\" data-id=\"d2dca4e\" data-element_type=\"column\">\n\t\t\t<div class=\"elementor-widget-wrap elementor-element-populated\">\n\t\t\t\t\t\t<div class=\"elementor-element elementor-element-32dd75e elementor-widget elementor-widget-image\" data-id=\"32dd75e\" data-element_type=\"widget\" data-widget_type=\"image.default\">\n\t\t\t\t<div class=\"elementor-widget-container\">\n\t\t\t\t\t\t\t\t\t\t\t\t\t\t\t\t<a href=\"https:\/\/sp2aug.pl\/wp-content\/uploads\/2026\/02\/terminy26.png\" data-elementor-open-lightbox=\"yes\" data-elementor-lightbox-title=\"terminy26\" data-e-action-hash=\"#elementor-action%3Aaction%3Dlightbox%26settings%3DeyJpZCI6MjkxNDcsInVybCI6Imh0dHBzOlwvXC9zcDJhdWcucGxcL3dwLWNvbnRlbnRcL3VwbG9hZHNcLzIwMjZcLzAyXC90ZXJtaW55MjYucG5nIn0%3D\">\n\t\t\t\t\t\t\t<img decoding=\"async\" width=\"602\" height=\"567\" src=\"https:\/\/sp2aug.pl\/wp-content\/uploads\/2026\/02\/terminy26.png\" class=\"attachment-large size-large wp-image-29147\" alt=\"\" srcset=\"https:\/\/sp2aug.pl\/wp-content\/uploads\/2026\/02\/terminy26.png 602w, https:\/\/sp2aug.pl\/wp-content\/uploads\/2026\/02\/terminy26-300x283.png 300w\" sizes=\"(max-width: 602px) 100vw, 602px\" \/>\t\t\t\t\t\t\t\t<\/a>\n\t\t\t\t\t\t\t\t\t\t\t\t\t\t\t<\/div>\n\t\t\t\t<\/div>\n\t\t\t\t\t<\/div>\n\t\t<\/div>\n\t\t\t\t\t<\/div>\n\t\t<\/section>\n\t\t\t\t<section class=\"elementor-section elementor-top-section elementor-element elementor-element-cee478e elementor-section-boxed elementor-section-height-default elementor-section-height-default\" data-id=\"cee478e\" data-element_type=\"section\">\n\t\t\t\t\t\t<div class=\"elementor-container elementor-column-gap-default\">\n\t\t\t\t\t<div class=\"elementor-column elementor-col-100 elementor-top-column elementor-element elementor-element-fd884fd\" data-id=\"fd884fd\" data-element_type=\"column\">\n\t\t\t<div class=\"elementor-widget-wrap elementor-element-populated\">\n\t\t\t\t\t\t<div class=\"elementor-element elementor-element-cb12fd7 elementor-widget elementor-widget-spacer\" data-id=\"cb12fd7\" data-element_type=\"widget\" data-widget_type=\"spacer.default\">\n\t\t\t\t<div class=\"elementor-widget-container\">\n\t\t\t\t\t\t\t<div class=\"elementor-spacer\">\n\t\t\t<div class=\"elementor-spacer-inner\"><\/div>\n\t\t<\/div>\n\t\t\t\t\t\t<\/div>\n\t\t\t\t<\/div>\n\t\t\t\t<div class=\"elementor-element elementor-element-c71bcb1 elementor-align-center elementor-widget elementor-widget-button\" data-id=\"c71bcb1\" data-element_type=\"widget\" data-widget_type=\"button.default\">\n\t\t\t\t<div class=\"elementor-widget-container\">\n\t\t\t\t\t\t\t\t\t<div class=\"elementor-button-wrapper\">\n\t\t\t\t\t<a class=\"elementor-button elementor-button-link elementor-size-sm\" href=\"https:\/\/sp2aug.pl\/rekrutacja\/wniosekn26.pdf\" target=\"_blank\">\n\t\t\t\t\t\t<span class=\"elementor-button-content-wrapper\">\n\t\t\t\t\t\t\t\t\t<span class=\"elementor-button-text\">WNIOSEK O PRZYJ\u0118CIE DZIECKA DO KLASY PIERWSZEJ SZKO\u0141Y PODSTAWOWEJ (dzieci spoza obwodu szko\u0142y)<\/span>\n\t\t\t\t\t<\/span>\n\t\t\t\t\t<\/a>\n\t\t\t\t<\/div>\n\t\t\t\t\t\t\t\t<\/div>\n\t\t\t\t<\/div>\n\t\t\t\t<div class=\"elementor-element elementor-element-0467daa elementor-widget elementor-widget-spacer\" data-id=\"0467daa\" data-element_type=\"widget\" data-widget_type=\"spacer.default\">\n\t\t\t\t<div class=\"elementor-widget-container\">\n\t\t\t\t\t\t\t<div class=\"elementor-spacer\">\n\t\t\t<div class=\"elementor-spacer-inner\"><\/div>\n\t\t<\/div>\n\t\t\t\t\t\t<\/div>\n\t\t\t\t<\/div>\n\t\t\t\t<div class=\"elementor-element elementor-element-3641dd9 elementor-align-center elementor-widget elementor-widget-button\" data-id=\"3641dd9\" data-element_type=\"widget\" data-widget_type=\"button.default\">\n\t\t\t\t<div class=\"elementor-widget-container\">\n\t\t\t\t\t\t\t\t\t<div class=\"elementor-button-wrapper\">\n\t\t\t\t\t<a class=\"elementor-button elementor-button-link elementor-size-md\" href=\"https:\/\/sp2aug.pl\/rekrutacja\/zgloszenie26.pdf\" target=\"_blank\">\n\t\t\t\t\t\t<span class=\"elementor-button-content-wrapper\">\n\t\t\t\t\t\t\t\t\t<span class=\"elementor-button-text\">ZG\u0141OSZENIE DZIECKA DO KLASY PIERWSZEJ SZKO\u0141Y PODSTAWOWEJ (dzieci z obwodu szko\u0142y)<\/span>\n\t\t\t\t\t<\/span>\n\t\t\t\t\t<\/a>\n\t\t\t\t<\/div>\n\t\t\t\t\t\t\t\t<\/div>\n\t\t\t\t<\/div>\n\t\t\t\t<div class=\"elementor-element elementor-element-8e3bf12 elementor-widget elementor-widget-spacer\" data-id=\"8e3bf12\" data-element_type=\"widget\" data-widget_type=\"spacer.default\">\n\t\t\t\t<div class=\"elementor-widget-container\">\n\t\t\t\t\t\t\t<div class=\"elementor-spacer\">\n\t\t\t<div class=\"elementor-spacer-inner\"><\/div>\n\t\t<\/div>\n\t\t\t\t\t\t<\/div>\n\t\t\t\t<\/div>\n\t\t\t\t<div class=\"elementor-element elementor-element-97f2ad4 elementor-align-center elementor-widget elementor-widget-button\" data-id=\"97f2ad4\" data-element_type=\"widget\" data-widget_type=\"button.default\">\n\t\t\t\t<div class=\"elementor-widget-container\">\n\t\t\t\t\t\t\t\t\t<div class=\"elementor-button-wrapper\">\n\t\t\t\t\t<a class=\"elementor-button elementor-button-link elementor-size-md\" href=\"https:\/\/sp2aug.pl\/rekrutacja\/regulaminn26.pdf\" target=\"_blank\">\n\t\t\t\t\t\t<span class=\"elementor-button-content-wrapper\">\n\t\t\t\t\t\t\t\t\t<span class=\"elementor-button-text\">REGULAMIN PRZYJMOWANIA UCZNI\u00d3W DO SP2<\/span>\n\t\t\t\t\t<\/span>\n\t\t\t\t\t<\/a>\n\t\t\t\t<\/div>\n\t\t\t\t\t\t\t\t<\/div>\n\t\t\t\t<\/div>\n\t\t\t\t<div class=\"elementor-element elementor-element-84db396 elementor-widget elementor-widget-spacer\" data-id=\"84db396\" data-element_type=\"widget\" data-widget_type=\"spacer.default\">\n\t\t\t\t<div class=\"elementor-widget-container\">\n\t\t\t\t\t\t\t<div class=\"elementor-spacer\">\n\t\t\t<div class=\"elementor-spacer-inner\"><\/div>\n\t\t<\/div>\n\t\t\t\t\t\t<\/div>\n\t\t\t\t<\/div>\n\t\t\t\t\t<\/div>\n\t\t<\/div>\n\t\t\t\t\t<\/div>\n\t\t<\/section>\n\t\t\t\t<section class=\"elementor-section elementor-top-section elementor-element elementor-element-f082279 elementor-section-boxed elementor-section-height-default elementor-section-height-default\" data-id=\"f082279\" data-element_type=\"section\">\n\t\t\t\t\t\t<div class=\"elementor-container elementor-column-gap-default\">\n\t\t\t\t\t<div class=\"elementor-column elementor-col-100 elementor-top-column elementor-element elementor-element-d21cd26\" data-id=\"d21cd26\" data-element_type=\"column\">\n\t\t\t<div class=\"elementor-widget-wrap elementor-element-populated\">\n\t\t\t\t\t\t<div class=\"elementor-element elementor-element-b31b018 elementor-widget elementor-widget-heading\" data-id=\"b31b018\" data-element_type=\"widget\" data-widget_type=\"heading.default\">\n\t\t\t\t<div class=\"elementor-widget-container\">\n\t\t\t\t\t<h4 class=\"elementor-heading-title elementor-size-default\">Je\u015bli chcesz zobaczy\u0107 wi\u0119cej kliknij na obrazek:)<\/h4>\t\t\t\t<\/div>\n\t\t\t\t<\/div>\n\t\t\t\t\t<\/div>\n\t\t<\/div>\n\t\t\t\t\t<\/div>\n\t\t<\/section>\n\t\t\t\t<section class=\"elementor-section elementor-top-section elementor-element elementor-element-be0cc7a elementor-section-boxed elementor-section-height-default elementor-section-height-default\" data-id=\"be0cc7a\" data-element_type=\"section\">\n\t\t\t\t\t\t<div class=\"elementor-container elementor-column-gap-default\">\n\t\t\t\t\t<div class=\"elementor-column elementor-col-33 elementor-top-column elementor-element elementor-element-95db5e7\" data-id=\"95db5e7\" data-element_type=\"column\">\n\t\t\t<div class=\"elementor-widget-wrap\">\n\t\t\t\t\t\t\t<\/div>\n\t\t<\/div>\n\t\t\t\t<div class=\"elementor-column elementor-col-33 elementor-top-column elementor-element elementor-element-d2a4f4a\" data-id=\"d2a4f4a\" data-element_type=\"column\">\n\t\t\t<div class=\"elementor-widget-wrap elementor-element-populated\">\n\t\t\t\t\t\t<div class=\"elementor-element elementor-element-7a4f3ae elementor-widget elementor-widget-image\" data-id=\"7a4f3ae\" data-element_type=\"widget\" data-widget_type=\"image.default\">\n\t\t\t\t<div class=\"elementor-widget-container\">\n\t\t\t\t\t\t\t\t\t\t\t\t\t\t\t\t<a href=\"https:\/\/sp2aug.pl\/rekrutacja\/spacer.pdf\" target=\"_blank\">\n\t\t\t\t\t\t\t<img decoding=\"async\" width=\"969\" height=\"539\" src=\"https:\/\/sp2aug.pl\/wp-content\/uploads\/2024\/02\/spacer.png\" class=\"attachment-large size-large wp-image-18845\" alt=\"\" srcset=\"https:\/\/sp2aug.pl\/wp-content\/uploads\/2024\/02\/spacer.png 969w, https:\/\/sp2aug.pl\/wp-content\/uploads\/2024\/02\/spacer-300x167.png 300w, https:\/\/sp2aug.pl\/wp-content\/uploads\/2024\/02\/spacer-768x427.png 768w\" sizes=\"(max-width: 969px) 100vw, 969px\" \/>\t\t\t\t\t\t\t\t<\/a>\n\t\t\t\t\t\t\t\t\t\t\t\t\t\t\t<\/div>\n\t\t\t\t<\/div>\n\t\t\t\t\t<\/div>\n\t\t<\/div>\n\t\t\t\t<div class=\"elementor-column elementor-col-33 elementor-top-column elementor-element elementor-element-76c44a1\" data-id=\"76c44a1\" data-element_type=\"column\">\n\t\t\t<div class=\"elementor-widget-wrap\">\n\t\t\t\t\t\t\t<\/div>\n\t\t<\/div>\n\t\t\t\t\t<\/div>\n\t\t<\/section>\n\t\t\t\t<\/div>\n\t\t","protected":false},"excerpt":{"rendered":"<p>WNIOSEK O PRZYJ\u0118CIE DZIECKA DO KLASY PIERWSZEJ SZKO\u0141Y PODSTAWOWEJ (dzieci spoza obwodu szko\u0142y) ZG\u0141OSZENIE DZIECKA DO KLASY PIERWSZEJ SZKO\u0141Y PODSTAWOWEJ (dzieci z obwodu szko\u0142y) REGULAMIN PRZYJMOWANIA UCZNI\u00d3W DO SP2 Je\u015bli chcesz zobaczy\u0107 wi\u0119cej kliknij na obrazek:)<\/p>\n","protected":false},"author":1,"featured_media":0,"parent":0,"menu_order":0,"comment_status":"closed","ping_status":"closed","template":"","meta":{"footnotes":""},"class_list":["post-4598","page","type-page","status-publish","hentry"],"_links":{"self":[{"href":"https:\/\/sp2aug.pl\/index.php\/wp-json\/wp\/v2\/pages\/4598","targetHints":{"allow":["GET"]}}],"collection":[{"href":"https:\/\/sp2aug.pl\/index.php\/wp-json\/wp\/v2\/pages"}],"about":[{"href":"https:\/\/sp2aug.pl\/index.php\/wp-json\/wp\/v2\/types\/page"}],"author":[{"embeddable":true,"href":"https:\/\/sp2aug.pl\/index.php\/wp-json\/wp\/v2\/users\/1"}],"replies":[{"embeddable":true,"href":"https:\/\/sp2aug.pl\/index.php\/wp-json\/wp\/v2\/comments?post=4598"}],"version-history":[{"count":83,"href":"https:\/\/sp2aug.pl\/index.php\/wp-json\/wp\/v2\/pages\/4598\/revisions"}],"predecessor-version":[{"id":29324,"href":"https:\/\/sp2aug.pl\/index.php\/wp-json\/wp\/v2\/pages\/4598\/revisions\/29324"}],"wp:attachment":[{"href":"https:\/\/sp2aug.pl\/index.php\/wp-json\/wp\/v2\/media?parent=4598"}],"curies":[{"name":"wp","href":"https:\/\/api.w.org\/{rel}","templated":true}]}}