{"id":37,"date":"2019-07-09T12:10:40","date_gmt":"2019-07-09T10:10:40","guid":{"rendered":"http:\/\/serwer1919474.home.pl\/autoinstalator\/wordpressplugins2\/?page_id=37"},"modified":"2025-09-24T18:21:16","modified_gmt":"2025-09-24T16:21:16","slug":"nauczyciele","status":"publish","type":"page","link":"https:\/\/sp2aug.pl\/index.php\/nauczyciele\/","title":{"rendered":"Nauczyciele"},"content":{"rendered":"\t\t<div data-elementor-type=\"wp-post\" data-elementor-id=\"37\" class=\"elementor elementor-37\">\n\t\t\t\t\t\t<section class=\"elementor-section elementor-top-section elementor-element elementor-element-f4109be elementor-section-content-middle elementor-section-boxed elementor-section-height-default elementor-section-height-default\" data-id=\"f4109be\" data-element_type=\"section\">\n\t\t\t\t\t\t<div class=\"elementor-container elementor-column-gap-default\">\n\t\t\t\t\t<div class=\"elementor-column elementor-col-100 elementor-top-column elementor-element elementor-element-8a12e44\" data-id=\"8a12e44\" data-element_type=\"column\">\n\t\t\t<div class=\"elementor-widget-wrap elementor-element-populated\">\n\t\t\t\t\t\t<section class=\"elementor-section elementor-inner-section elementor-element elementor-element-90aeddd elementor-section-boxed elementor-section-height-default elementor-section-height-default\" data-id=\"90aeddd\" data-element_type=\"section\">\n\t\t\t\t\t\t<div class=\"elementor-container elementor-column-gap-default\">\n\t\t\t\t\t<div class=\"elementor-column elementor-col-50 elementor-inner-column elementor-element elementor-element-4024b17\" data-id=\"4024b17\" data-element_type=\"column\">\n\t\t\t<div class=\"elementor-widget-wrap elementor-element-populated\">\n\t\t\t\t\t\t<div class=\"elementor-element elementor-element-ab0c1b3 elementor-widget elementor-widget-text-editor\" data-id=\"ab0c1b3\" data-element_type=\"widget\" data-widget_type=\"text-editor.default\">\n\t\t\t\t<div class=\"elementor-widget-container\">\n\t\t\t\t\t\t\t\t\t<h4>L.p.&nbsp;&nbsp; Nazwisko i imi\u0119<\/h4>\n<p>1.&nbsp;&nbsp; Achimowicz Agnieszka&nbsp;&nbsp; &#8211; j\u0119zyk angielski<\/p>\n<p>2.&nbsp; &nbsp;Arciszewska Beata&nbsp; Irena &#8211; muzyka<\/p>\n<p>3. Bielawska Edyta &#8211; nauczyciel wspieraj\u0105cy<\/p>\n<p>4.&nbsp;&nbsp; Bielawska Magdalena &#8211; nauczyciel wspieraj\u0105cy<\/p>\n<p>5.&nbsp;&nbsp; Bonarska Halina &#8211; doradztwo zawodowe, nauczyciel \u015bwietlicy<\/p>\n<p>6.&nbsp;&nbsp; Borysewicz Jolanta &#8211; historia, WOS<\/p>\n<p>7. Bu\u0107wi\u0144ska &#8211; Szymczak Bo\u017cena &#8211; bibliotekarz<\/p>\n<p>8.&nbsp;&nbsp; Budzi\u0144ska El\u017cbieta -j\u0119zyk polski<\/p>\n<p>9.&nbsp;&nbsp; Chmielewska Anna &#8211; nauczanie zintegrowane<\/p>\n<p>10.&nbsp;&nbsp; Chmielewska Renata &#8211; nauczania zintegrowane<\/p>\n<p>11. Chudecka Marta &#8211; nauczanie zintegrowane<\/p>\n<p>12. Czerwi\u0144ska Marzenna &#8211; fizyka, informatyka<\/p>\n<p>13. Czuper Mariola &#8211; nauczanie zintegrowane<\/p>\n<p>14. Doma\u0144ska Wies\u0142awa &#8211; wychowanie fizyczne<\/p>\n<p>15. G\u0105siewska Beata &#8211; nauczanie zintegrowane<\/p>\n<p>16. Giczewska El\u017cbieta &#8211; nauczanie zintegrowane<\/p>\n<p>17. Grabowska Agnieszka &#8211; nauczanie zintegrowane<\/p>\n<p>18. Gregorowicz Danuta Jolanta &#8211;&nbsp; historia, j\u0119zyk polski, informatyka<\/p>\n<p>19. Grzesiukiewicz Aneta &#8211; j\u0119zyk niemiecki, nauczyciel \u015bwietlicy<\/p>\n<p>20. Gudanowska Bogus\u0142awa &#8211; nauczyciel wspieraj\u0105cy<\/p>\n<p>21. Holak Iza &#8211; geografia<\/p>\n<p>22. Jab\u0142o\u0144ska Agnieszka &#8211; nauczyciel wspieraj\u0105cy<\/p>\n<p>23. Ja\u0144czak Danuta &#8211; nauczyciel wspieraj\u0105cy<\/p>\n<p>24. Jasionek &#8211; Wiszowata Katarzyna &#8211; nauczanie zintegrowane<\/p>\n<p>25. Jodzis Ilona &#8211; nauczyciel wspieraj\u0105cy<\/p>\n<p>26. Kami\u0144ski Tomasz &#8211; wychowanie fizyczne<\/p>\n<p>27. Karp Agnieszka &#8211; matematyka<\/p>\n<p>28. Karp Aneta- matematyka<\/p>\n<p>29. Kierkla Ma\u0142gorzata &#8211; j\u0119zyk polski<\/p>\n<p>30. Knia\u017cewska Ewelina &#8211; psycholog<\/p>\n<p>31. Ko\u0142owska Anna &#8211; nauczanie zintegrowane<\/p>\n<p>32. Koman Marzena &#8211; religia<\/p>\n<p>33. Korzeniecka Monika Paula &#8211; pedagog<\/p>\n<p>34. Koz\u0142owska El\u017cbieta Ma\u0142gorzata &#8211; matematyka<\/p>\n<p>35.&nbsp; Koz\u0142owski Mariusz &#8211; religia prawos\u0142awna<\/p>\n<p>36 . Kury\u0142o Ewa -plastyka<\/p>\n<p>37. \u0141ask Agnieszka &#8211; nauczanie zintegrowane<\/p>\n<p>38. Maksimowska &#8211; Doroszko Marianna &#8211; geografia, przyroda<\/p>\n<p>39. Markowska Katarzyna -nauczanie zintegrowane<\/p>\n<p>40. Milanowska Zofia &#8211; j\u0119zyk angielski, nauczyciel wspieraj\u0105cy<\/p>\n<p>41. Mo\u0142odziejko Leszek &#8211; wychowanie fizyczne<\/p>\n<p>42. Nied\u017awiecka Eliza &#8211; nauczanie zintegrowane<\/p>\n<p>43. Nied\u017awiecka Larysa<\/p>\n<p>44. . Nowakowska- Wojewnik Katarzyna &#8211; j\u0119zyk rosyjski, j\u0119zyk angielski<\/p>\n<p>45. Palczewska Anna &#8211; j\u0119zyk polski<\/p>\n<p>46. Palczewska Joanna&nbsp; Beata &#8211; pedagog<\/p>\n<p>47. Piotrowicz Dorota &#8211; j\u0119zyk polski, nauczyciel wspieraj\u0105cy<\/p>\n<p>48. Pu\u017cy\u0144ska Anna &#8211; logopeda<\/p>\n<p>49. Raczkiel Katarzyna &#8211; nauczanie zintegrowane<\/p>\n<p>50. Romanowska Ewa &#8211; nauczyciel wspieraj\u0105cy<\/p>\n<p>51. Sadowska Ewa &#8211; biologia, nauczyciel wspieraj\u0105cy<\/p>\n<p>52. Sawicka Ma\u0142gorzata Lucyna &#8211; nauczyciel bibliotekarz<\/p>\n<p>53. Siemion Agnieszka &#8211; nauczyciel \u015bwietlicy<\/p>\n<p>54. Sikora Wojciech &#8211; wychowanie fizyczne<\/p>\n<p>55. Skindzielewski Bogdan &#8211; matematyka<\/p>\n<p>56. Sobecka Emilia -j\u0119zyk angielski, nauczyciel wspieraj\u0105cy<\/p>\n<p>57. Suchodolska Halina &#8211; religia<\/p>\n<p>58. Sutu\u0142a Anna &#8211; chemia, biologia<\/p>\n<p>59. Syperowicz Agnieszka &#8211; religia<\/p>\n<p>60. Szleszy\u0144ska Ma\u0142gorzata &#8211; nauczanie zintegrowane, informatyka<\/p>\n<p>61. Sztacha\u0144ska Barbara &#8211; nauczanie zintegrowane, j\u0119zyk polski<\/p>\n<p>62. Szyndler Arkadiusz &#8211; EDB<\/p>\n<p>63. Szyndler Monika &#8211; technika, nauczyciel wspieraj\u0105cy<\/p>\n<p>64. Twardowska Magdalena -technika, j\u0119zyk angielski<\/p>\n<p>65. Wawi\u00f3rka&nbsp; Karolina &#8211; nauczania zintegrowane<\/p>\n<p>66. Zarzecka Agnieszka- wychowanie fizyczne<\/p>\n<p>67. \u017bydaniec Joanna -j\u0119zyk angielski, nauczyciel wspieraj\u0105cy<\/p>\n<div>&nbsp;<\/div>\n<div>&nbsp;<\/div>\n<p><\/p>\t\t\t\t\t\t\t\t<\/div>\n\t\t\t\t<\/div>\n\t\t\t\t\t<\/div>\n\t\t<\/div>\n\t\t\t\t<div class=\"elementor-column elementor-col-50 elementor-inner-column elementor-element elementor-element-2c7096b\" data-id=\"2c7096b\" data-element_type=\"column\">\n\t\t\t<div class=\"elementor-widget-wrap\">\n\t\t\t\t\t\t\t<\/div>\n\t\t<\/div>\n\t\t\t\t\t<\/div>\n\t\t<\/section>\n\t\t\t\t\t<\/div>\n\t\t<\/div>\n\t\t\t\t\t<\/div>\n\t\t<\/section>\n\t\t\t\t<\/div>\n\t\t","protected":false},"excerpt":{"rendered":"<p>L.p.&nbsp;&nbsp; Nazwisko i imi\u0119 1.&nbsp;&nbsp; Achimowicz Agnieszka&nbsp;&nbsp; &#8211; j\u0119zyk angielski 2.&nbsp; &nbsp;Arciszewska Beata&nbsp; Irena &#8211; muzyka 3. Bielawska Edyta &#8211; nauczyciel wspieraj\u0105cy 4.&nbsp;&nbsp; Bielawska Magdalena &#8211; nauczyciel wspieraj\u0105cy 5.&nbsp;&nbsp; Bonarska Halina &#8211; doradztwo zawodowe, nauczyciel \u015bwietlicy 6.&nbsp;&nbsp; Borysewicz Jolanta &#8211; historia, WOS 7. Bu\u0107wi\u0144ska &#8211; Szymczak Bo\u017cena &#8211; bibliotekarz 8.&nbsp;&nbsp; Budzi\u0144ska El\u017cbieta -j\u0119zyk polski 9.&nbsp;&nbsp;&hellip;<\/p>\n","protected":false},"author":1,"featured_media":665,"parent":0,"menu_order":0,"comment_status":"closed","ping_status":"closed","template":"","meta":{"footnotes":""},"class_list":["post-37","page","type-page","status-publish","has-post-thumbnail","hentry"],"_links":{"self":[{"href":"https:\/\/sp2aug.pl\/index.php\/wp-json\/wp\/v2\/pages\/37","targetHints":{"allow":["GET"]}}],"collection":[{"href":"https:\/\/sp2aug.pl\/index.php\/wp-json\/wp\/v2\/pages"}],"about":[{"href":"https:\/\/sp2aug.pl\/index.php\/wp-json\/wp\/v2\/types\/page"}],"author":[{"embeddable":true,"href":"https:\/\/sp2aug.pl\/index.php\/wp-json\/wp\/v2\/users\/1"}],"replies":[{"embeddable":true,"href":"https:\/\/sp2aug.pl\/index.php\/wp-json\/wp\/v2\/comments?post=37"}],"version-history":[{"count":39,"href":"https:\/\/sp2aug.pl\/index.php\/wp-json\/wp\/v2\/pages\/37\/revisions"}],"predecessor-version":[{"id":27062,"href":"https:\/\/sp2aug.pl\/index.php\/wp-json\/wp\/v2\/pages\/37\/revisions\/27062"}],"wp:featuredmedia":[{"embeddable":true,"href":"https:\/\/sp2aug.pl\/index.php\/wp-json\/wp\/v2\/media\/665"}],"wp:attachment":[{"href":"https:\/\/sp2aug.pl\/index.php\/wp-json\/wp\/v2\/media?parent=37"}],"curies":[{"name":"wp","href":"https:\/\/api.w.org\/{rel}","templated":true}]}}