{"id":10636,"date":"2022-02-12T10:08:09","date_gmt":"2022-02-12T09:08:09","guid":{"rendered":"http:\/\/sp2aug.pl\/?page_id=10636"},"modified":"2024-11-19T15:21:05","modified_gmt":"2024-11-19T14:21:05","slug":"stolowka","status":"publish","type":"page","link":"https:\/\/sp2aug.pl\/index.php\/stolowka\/","title":{"rendered":"Sto\u0142\u00f3wka"},"content":{"rendered":"\t\t<div data-elementor-type=\"wp-page\" data-elementor-id=\"10636\" class=\"elementor elementor-10636\">\n\t\t\t\t\t\t<section class=\"elementor-section elementor-top-section elementor-element elementor-element-40f3153 elementor-section-boxed elementor-section-height-default elementor-section-height-default\" data-id=\"40f3153\" data-element_type=\"section\">\n\t\t\t\t\t\t<div class=\"elementor-container elementor-column-gap-default\">\n\t\t\t\t\t<div class=\"elementor-column elementor-col-100 elementor-top-column elementor-element elementor-element-be34fa4\" data-id=\"be34fa4\" data-element_type=\"column\">\n\t\t\t<div class=\"elementor-widget-wrap elementor-element-populated\">\n\t\t\t\t\t\t<div class=\"elementor-element elementor-element-c5db27c elementor-widget elementor-widget-text-editor\" data-id=\"c5db27c\" data-element_type=\"widget\" data-widget_type=\"text-editor.default\">\n\t\t\t\t<div class=\"elementor-widget-container\">\n\t\t\t\t\t\t\t\t\t<p>.<\/p><div>INFORMACJA DOTYCZ\u0104CA ZGUBIONEGO BRELOCZKU<\/div><div><div>\u00a0<\/div><div><b>OD\u00a0\u00a0 07.11.2024\u00a0<\/b>OBOWI\u0104ZUJE<b>\u00a0<\/b>NOWA OP\u0141ATA ZA ZGUBIONY LUB ZNISZCZONY BRELOK-\u00a0<b>2,40z\u0142\u00a0<\/b><\/div><div>\u00a0<\/div><div>OP\u0141ATY NALE\u017bY DOKONA\u0106 NA KONTO NR 47124057871111001101334919 ZSP NR 2 UL. MICKIEWICZA 1<\/div><div>W TYTULE PRZELEWU WPISA\u0106 OP\u0141ATA ZA BRELOK IMI\u0118 I NAZWISKO DZIECKA, KLAS\u0118 ORAZ NAZW\u0118- ZSP NR 3<\/div><\/div>\t\t\t\t\t\t\t\t<\/div>\n\t\t\t\t<\/div>\n\t\t\t\t\t<\/div>\n\t\t<\/div>\n\t\t\t\t\t<\/div>\n\t\t<\/section>\n\t\t\t\t<section class=\"elementor-section elementor-top-section elementor-element elementor-element-73acf8b elementor-section-boxed elementor-section-height-default elementor-section-height-default\" data-id=\"73acf8b\" data-element_type=\"section\">\n\t\t\t\t\t\t<div class=\"elementor-container elementor-column-gap-default\">\n\t\t\t\t\t<div class=\"elementor-column elementor-col-100 elementor-top-column elementor-element elementor-element-f726948\" data-id=\"f726948\" data-element_type=\"column\">\n\t\t\t<div class=\"elementor-widget-wrap elementor-element-populated\">\n\t\t\t\t\t\t<div class=\"elementor-element elementor-element-2074262 elementor-widget elementor-widget-text-editor\" data-id=\"2074262\" data-element_type=\"widget\" data-widget_type=\"text-editor.default\">\n\t\t\t\t<div class=\"elementor-widget-container\">\n\t\t\t\t\t\t\t\t\t<p><u style=\"color: rgb(34, 34, 34); font-family: Arial, Helvetica, sans-serif; font-size: small; font-style: normal; font-variant-ligatures: normal; font-variant-caps: normal; font-weight: 400; letter-spacing: normal; orphans: 2; text-align: start; text-indent: 0px; text-transform: none; widows: 2; word-spacing: 0px; -webkit-text-stroke-width: 0px; white-space: normal; background-color: rgb(255, 255, 255);\">WP\u0141ATY NA OBIADY ZA GRUDZIE\u0143 2024<\/u><br style=\"color: rgb(34, 34, 34); font-family: Arial, Helvetica, sans-serif; font-size: small; font-style: normal; font-variant-ligatures: normal; font-variant-caps: normal; font-weight: 400; letter-spacing: normal; orphans: 2; text-align: start; text-indent: 0px; text-transform: none; widows: 2; word-spacing: 0px; -webkit-text-stroke-width: 0px; white-space: normal; background-color: rgb(255, 255, 255); text-decoration-thickness: initial; text-decoration-style: initial; text-decoration-color: initial;\"><\/p><p style=\"color: rgb(34, 34, 34); font-family: Arial, Helvetica, sans-serif; font-size: small; font-style: normal; font-variant-ligatures: normal; font-variant-caps: normal; font-weight: 400; letter-spacing: normal; orphans: 2; text-align: start; text-indent: 0px; text-transform: none; widows: 2; word-spacing: 0px; -webkit-text-stroke-width: 0px; white-space: normal; background-color: rgb(255, 255, 255); text-decoration-thickness: initial; text-decoration-style: initial; text-decoration-color: initial;\"><\/p><p style=\"color: rgb(34, 34, 34); font-family: Arial, Helvetica, sans-serif; font-size: small; font-style: normal; font-variant-ligatures: normal; font-variant-caps: normal; font-weight: 400; letter-spacing: normal; orphans: 2; text-align: start; text-indent: 0px; text-transform: none; widows: 2; word-spacing: 0px; -webkit-text-stroke-width: 0px; white-space: normal; background-color: rgb(255, 255, 255); text-decoration-thickness: initial; text-decoration-style: initial; text-decoration-color: initial;\">WP\u0141ATY NA OBIADY ZA GRUDZIE\u0143 2024 MO\u017bNA JU\u017b DOKONYWA\u0106 OD 25.11.2024<\/p><p style=\"color: rgb(34, 34, 34); font-family: Arial, Helvetica, sans-serif; font-size: small; font-style: normal; font-variant-ligatures: normal; font-variant-caps: normal; font-weight: 400; letter-spacing: normal; orphans: 2; text-align: start; text-indent: 0px; text-transform: none; widows: 2; word-spacing: 0px; -webkit-text-stroke-width: 0px; white-space: normal; background-color: rgb(255, 255, 255); text-decoration-thickness: initial; text-decoration-style: initial; text-decoration-color: initial;\">UCZNIOWIE ZESTAW OBIADOWY + PODWIECZOREK&nbsp; &nbsp; (15ob*6,50= 97,50)<\/p><p style=\"color: rgb(34, 34, 34); font-family: Arial, Helvetica, sans-serif; font-size: small; font-style: normal; font-variant-ligatures: normal; font-variant-caps: normal; font-weight: 400; letter-spacing: normal; orphans: 2; text-align: start; text-indent: 0px; text-transform: none; widows: 2; word-spacing: 0px; -webkit-text-stroke-width: 0px; white-space: normal; background-color: rgb(255, 255, 255); text-decoration-thickness: initial; text-decoration-style: initial; text-decoration-color: initial;\">ZUPY&nbsp; &nbsp; &nbsp; &nbsp; &nbsp; &nbsp; &nbsp; &nbsp; &nbsp; &nbsp; &nbsp; &nbsp; &nbsp; &nbsp; &nbsp; &nbsp; &nbsp; &nbsp; &nbsp; &nbsp; &nbsp; &nbsp; &nbsp; &nbsp; &nbsp; &nbsp; &nbsp; &nbsp; &nbsp; &nbsp; &nbsp; &nbsp; &nbsp; &nbsp; &nbsp; &nbsp; &nbsp; &nbsp; &nbsp; &nbsp; &nbsp; &nbsp; &nbsp;(15dn *2,20 = 33,00)<\/p><p style=\"color: rgb(34, 34, 34); font-family: Arial, Helvetica, sans-serif; font-size: small; font-style: normal; font-variant-ligatures: normal; font-variant-caps: normal; font-weight: 400; letter-spacing: normal; orphans: 2; text-align: start; text-indent: 0px; text-transform: none; widows: 2; word-spacing: 0px; -webkit-text-stroke-width: 0px; white-space: normal; background-color: rgb(255, 255, 255); text-decoration-thickness: initial; text-decoration-style: initial; text-decoration-color: initial;\">NAUCZYCIELE I PRACOWNICY ZESTAW OBIADOWY+ PODWIECZOREK PRACOWNICZY &nbsp; (15ob*11,70=175,50)<\/p><p style=\"color: rgb(34, 34, 34); font-family: Arial, Helvetica, sans-serif; font-size: small; font-style: normal; font-variant-ligatures: normal; font-variant-caps: normal; font-weight: 400; letter-spacing: normal; orphans: 2; text-align: start; text-indent: 0px; text-transform: none; widows: 2; word-spacing: 0px; -webkit-text-stroke-width: 0px; white-space: normal; background-color: rgb(255, 255, 255); text-decoration-thickness: initial; text-decoration-style: initial; text-decoration-color: initial;\">ZUPY PRACOWNICZE\u2003\u2003\u2003\u2003\u2003\u2003\u2003\u2003\u2003\u2003\u2003\u2003\u2003\u2003\u2003\u2003(15dn *3,90 = 58,50)<\/p>\t\t\t\t\t\t\t\t<\/div>\n\t\t\t\t<\/div>\n\t\t\t\t\t<\/div>\n\t\t<\/div>\n\t\t\t\t\t<\/div>\n\t\t<\/section>\n\t\t\t\t<section class=\"elementor-section elementor-top-section elementor-element elementor-element-0bd19d8 elementor-section-boxed elementor-section-height-default elementor-section-height-default\" data-id=\"0bd19d8\" data-element_type=\"section\">\n\t\t\t\t\t\t<div class=\"elementor-container elementor-column-gap-default\">\n\t\t\t\t\t<div class=\"elementor-column elementor-col-100 elementor-top-column elementor-element elementor-element-fb4e949\" data-id=\"fb4e949\" data-element_type=\"column\">\n\t\t\t<div class=\"elementor-widget-wrap elementor-element-populated\">\n\t\t\t\t\t\t<div class=\"elementor-element elementor-element-3483807 elementor-align-center elementor-widget elementor-widget-button\" data-id=\"3483807\" data-element_type=\"widget\" data-widget_type=\"button.default\">\n\t\t\t\t<div class=\"elementor-widget-container\">\n\t\t\t\t\t\t\t\t\t<div class=\"elementor-button-wrapper\">\n\t\t\t\t\t<a class=\"elementor-button elementor-button-link elementor-size-md\" href=\"https:\/\/sp2aug.pl\/Dokumenty\/Stolowka23.pdf\" target=\"_blank\">\n\t\t\t\t\t\t<span class=\"elementor-button-content-wrapper\">\n\t\t\t\t\t\t\t\t\t<span class=\"elementor-button-text\">REGULAMIN STO\u0141\u00d3WKI SZKOLNEJ<\/span>\n\t\t\t\t\t<\/span>\n\t\t\t\t\t<\/a>\n\t\t\t\t<\/div>\n\t\t\t\t\t\t\t\t<\/div>\n\t\t\t\t<\/div>\n\t\t\t\t\t<\/div>\n\t\t<\/div>\n\t\t\t\t\t<\/div>\n\t\t<\/section>\n\t\t\t\t<section class=\"elementor-section elementor-top-section elementor-element elementor-element-287f31f elementor-section-boxed elementor-section-height-default elementor-section-height-default\" data-id=\"287f31f\" data-element_type=\"section\">\n\t\t\t\t\t\t<div class=\"elementor-container elementor-column-gap-default\">\n\t\t\t\t\t<div class=\"elementor-column elementor-col-100 elementor-top-column elementor-element elementor-element-7e4a449\" data-id=\"7e4a449\" data-element_type=\"column\">\n\t\t\t<div class=\"elementor-widget-wrap elementor-element-populated\">\n\t\t\t\t\t\t<div class=\"elementor-element elementor-element-1281833 elementor-widget elementor-widget-text-editor\" data-id=\"1281833\" data-element_type=\"widget\" data-widget_type=\"text-editor.default\">\n\t\t\t\t<div class=\"elementor-widget-container\">\n\t\t\t\t\t\t\t\t\t<p>Szanowni Pa\u0144stwo,<br>od 7.02.2022r. wprowadzamy nowy system zamawiania posi\u0142k\u00f3w <a href=\"https:\/\/zamowposilek.pl\/\" target=\"_blank\">\u201ezamowposilek.pl<\/a>\u201d. <br>Prosz\u0119 post\u0119powa\u0107 zgodnie z podan\u0105 instrukcj\u0105 (w za\u0142\u0105czeniu).<br>Do ko\u0144ca roku planowana jest opcja wyboru: Czy dziecko je obiad w danym dniu, czy te\u017c nie. tzn. po op\u0142aceniu za dany miesi\u0105c oraz zam\u00f3wieniu wszystkich obiad\u00f3w, b\u0119d\u0105 Pa\u0144stwo mogli (po analizie menu) wybra\u0107 dni w danym miesi\u0105cu, w kt\u00f3rych dziecko b\u0119dzie korzysta\u0142o ze sto\u0142\u00f3wki (w\u00f3wczas \u015brodki niewykorzystane przechodz\u0105 na kolejny miesi\u0105c).<br>W przypadku problem\u00f3w przy rejestracji, prosz\u0119 kontaktowa\u0107 si\u0119 poprzez stron\u0119 zamowposilek.pl oraz zak\u0142adk\u0119 &#8222;Pomoc&#8221; z Biurem Obs\u0142ugi Klienta. Pomoc mo\u017cna b\u0119dzie uzyska\u0107 r\u00f3wnie\u017c w szkole u Pani Urszuli Sie\u0144kowskiej (pok\u00f3j nr 06).<br>System <a href=\"https:\/\/zamowposilek.pl\/\" target=\"_blank\">zamowposilek.pl <\/a>b\u0119dzie od lutego 2022r. jedyn\u0105 form\u0105 zam\u00f3wienia i op\u0142acenia posi\u0142k\u00f3w w szkole.<br>Pozdrawiam<\/p>\t\t\t\t\t\t\t\t<\/div>\n\t\t\t\t<\/div>\n\t\t\t\t<div class=\"elementor-element elementor-element-7dabb41 elementor-button-warning elementor-align-center elementor-widget elementor-widget-button\" data-id=\"7dabb41\" data-element_type=\"widget\" data-widget_type=\"button.default\">\n\t\t\t\t<div class=\"elementor-widget-container\">\n\t\t\t\t\t\t\t\t\t<div class=\"elementor-button-wrapper\">\n\t\t\t\t\t<a class=\"elementor-button elementor-button-link elementor-size-lg\" href=\"https:\/\/sp2aug.pl\/Aktualnosci\/obiadyinstrukcja.pdf\" target=\"_blank\">\n\t\t\t\t\t\t<span class=\"elementor-button-content-wrapper\">\n\t\t\t\t\t\t\t\t\t<span class=\"elementor-button-text\">Nowy sysytem zamawiania i op\u0142acania obiad\u00f3w - instrukcja <\/span>\n\t\t\t\t\t<\/span>\n\t\t\t\t\t<\/a>\n\t\t\t\t<\/div>\n\t\t\t\t\t\t\t\t<\/div>\n\t\t\t\t<\/div>\n\t\t\t\t\t<\/div>\n\t\t<\/div>\n\t\t\t\t\t<\/div>\n\t\t<\/section>\n\t\t\t\t<section class=\"elementor-section elementor-top-section elementor-element elementor-element-44c5712 elementor-section-boxed elementor-section-height-default elementor-section-height-default\" data-id=\"44c5712\" data-element_type=\"section\">\n\t\t\t\t\t\t<div class=\"elementor-container elementor-column-gap-default\">\n\t\t\t\t\t<div class=\"elementor-column elementor-col-100 elementor-top-column elementor-element elementor-element-8950dbe\" data-id=\"8950dbe\" data-element_type=\"column\">\n\t\t\t<div class=\"elementor-widget-wrap\">\n\t\t\t\t\t\t\t<\/div>\n\t\t<\/div>\n\t\t\t\t\t<\/div>\n\t\t<\/section>\n\t\t\t\t<\/div>\n\t\t","protected":false},"excerpt":{"rendered":"<p>. INFORMACJA DOTYCZ\u0104CA ZGUBIONEGO BRELOCZKU\u00a0OD\u00a0\u00a0 07.11.2024\u00a0OBOWI\u0104ZUJE\u00a0NOWA OP\u0141ATA ZA ZGUBIONY LUB ZNISZCZONY BRELOK-\u00a02,40z\u0142\u00a0\u00a0OP\u0141ATY NALE\u017bY DOKONA\u0106 NA KONTO NR 47124057871111001101334919 ZSP NR 2 UL. MICKIEWICZA 1W TYTULE PRZELEWU WPISA\u0106 OP\u0141ATA ZA BRELOK IMI\u0118 I NAZWISKO DZIECKA, KLAS\u0118 ORAZ NAZW\u0118- ZSP NR 3 WP\u0141ATY NA OBIADY ZA GRUDZIE\u0143 2024 WP\u0141ATY NA OBIADY ZA GRUDZIE\u0143 2024 MO\u017bNA JU\u017b DOKONYWA\u0106&hellip;<\/p>\n","protected":false},"author":1,"featured_media":0,"parent":0,"menu_order":0,"comment_status":"closed","ping_status":"closed","template":"","meta":{"footnotes":""},"class_list":["post-10636","page","type-page","status-publish","hentry"],"_links":{"self":[{"href":"https:\/\/sp2aug.pl\/index.php\/wp-json\/wp\/v2\/pages\/10636","targetHints":{"allow":["GET"]}}],"collection":[{"href":"https:\/\/sp2aug.pl\/index.php\/wp-json\/wp\/v2\/pages"}],"about":[{"href":"https:\/\/sp2aug.pl\/index.php\/wp-json\/wp\/v2\/types\/page"}],"author":[{"embeddable":true,"href":"https:\/\/sp2aug.pl\/index.php\/wp-json\/wp\/v2\/users\/1"}],"replies":[{"embeddable":true,"href":"https:\/\/sp2aug.pl\/index.php\/wp-json\/wp\/v2\/comments?post=10636"}],"version-history":[{"count":51,"href":"https:\/\/sp2aug.pl\/index.php\/wp-json\/wp\/v2\/pages\/10636\/revisions"}],"predecessor-version":[{"id":22399,"href":"https:\/\/sp2aug.pl\/index.php\/wp-json\/wp\/v2\/pages\/10636\/revisions\/22399"}],"wp:attachment":[{"href":"https:\/\/sp2aug.pl\/index.php\/wp-json\/wp\/v2\/media?parent=10636"}],"curies":[{"name":"wp","href":"https:\/\/api.w.org\/{rel}","templated":true}]}}